{"id":245177,"date":"2021-12-01T09:00:10","date_gmt":"2021-12-01T08:00:10","guid":{"rendered":"https:\/\/lagrandesieste.com\/produit\/dreamy-rose"},"modified":"2024-01-17T11:46:51","modified_gmt":"2024-01-17T10:46:51","slug":"rose-de-reve","status":"publish","type":"product","link":"https:\/\/lagrandesieste.com\/en\/produit\/rose-de-reve","title":{"rendered":"Ros\u00e9 de R\u00eave"},"content":{"rendered":"<div id=\"bannerR\">is harvested at dawn to keep its freshness. This expressive, easy to drink and thirst-quenching ros\u00e9 with its pretty pale colour is best drunk as a treat. Its magnificent bursts of citrus fruit go well with any dish. The ideal ros\u00e9 to eat, drink, dance and snog&#8230; A world champion Ros\u00e9! &#8211; Vintage 2022<\/div>\n","protected":false},"excerpt":{"rendered":"<p>is harvested at dawn to keep its freshness. This expressive, easy to drink and thirst-quenching ros\u00e9 with its pretty pale colour is best drunk as a treat. Its magnificent bursts of citrus fruit go well with any dish. The ideal ros\u00e9 to eat, drink, dance and snog&#8230; A world champion Ros\u00e9! &#8211; Vintage 2022<\/p>\n","protected":false},"featured_media":246761,"comment_status":"open","ping_status":"closed","template":"","meta":{"_et_pb_use_builder":"off","_et_pb_old_content":"<div id=\"bannerR\">is harvested at dawn to keep its freshness. This expressive, easy to drink and thirst-quenching ros\u00e9 with its pretty pale colour is best drunk as a treat. Its magnificent bursts of citrus fruit go well with any dish. The ideal ros\u00e9 to eat, drink, dance and snog... A world champion Ros\u00e9!<\/div>","_et_gb_content_width":"","inline_featured_image":false},"product_brand":[],"product_cat":[41],"product_tag":[],"class_list":{"0":"post-245177","1":"product","2":"type-product","3":"status-publish","4":"has-post-thumbnail","6":"product_cat-our-wines","8":"first","9":"instock","10":"featured","11":"shipping-taxable","12":"purchasable","13":"product-type-variable"},"yoast_head":"<!-- This site is optimized with the Yoast SEO plugin v27.4 - https:\/\/yoast.com\/product\/yoast-seo-wordpress\/ -->\n<title>Ros\u00e9 de R\u00eave | La Grande Sieste<\/title>\n<meta name=\"description\" content=\"A World Champion Ros\u00e9. The perfect ros\u00e9 to eat, drink, dance and snog! Delivery everywhere in France and free shipping...\" \/>\n<meta name=\"robots\" content=\"index, follow, max-snippet:-1, max-image-preview:large, max-video-preview:-1\" \/>\n<link rel=\"canonical\" href=\"https:\/\/lagrandesieste.com\/en\/produit\/rose-de-reve\" \/>\n<meta property=\"og:locale\" content=\"en_US\" \/>\n<meta property=\"og:type\" content=\"article\" \/>\n<meta property=\"og:title\" content=\"Ros\u00e9 de R\u00eave | La Grande Sieste\" \/>\n<meta property=\"og:description\" content=\"A World Champion Ros\u00e9. The perfect ros\u00e9 to eat, drink, dance and snog! Delivery everywhere in France and free shipping...\" \/>\n<meta property=\"og:url\" content=\"https:\/\/lagrandesieste.com\/en\/produit\/rose-de-reve\" \/>\n<meta property=\"og:site_name\" content=\"La Grande Sieste\" \/>\n<meta property=\"article:modified_time\" content=\"2024-01-17T10:46:51+00:00\" \/>\n<meta property=\"og:image\" content=\"https:\/\/lagrandesieste.com\/wp-content\/uploads\/2021\/12\/La-Grande-Sieste-Produit-Rose-de-reve-cercle.png\" \/>\n\t<meta property=\"og:image:width\" content=\"1500\" \/>\n\t<meta property=\"og:image:height\" content=\"1503\" \/>\n\t<meta property=\"og:image:type\" content=\"image\/png\" \/>\n<meta name=\"twitter:card\" content=\"summary_large_image\" \/>\n<meta name=\"twitter:label1\" content=\"Est. reading time\" \/>\n\t<meta name=\"twitter:data1\" content=\"1 minute\" \/>\n<script type=\"application\/ld+json\" class=\"yoast-schema-graph\">{\"@context\":\"https:\\\/\\\/schema.org\",\"@graph\":[{\"@type\":\"WebPage\",\"@id\":\"https:\\\/\\\/lagrandesieste.com\\\/en\\\/produit\\\/rose-de-reve\",\"url\":\"https:\\\/\\\/lagrandesieste.com\\\/en\\\/produit\\\/rose-de-reve\",\"name\":\"Ros\u00e9 de R\u00eave | La Grande Sieste\",\"isPartOf\":{\"@id\":\"https:\\\/\\\/lagrandesieste.com\\\/en#website\"},\"primaryImageOfPage\":{\"@id\":\"https:\\\/\\\/lagrandesieste.com\\\/en\\\/produit\\\/rose-de-reve#primaryimage\"},\"image\":{\"@id\":\"https:\\\/\\\/lagrandesieste.com\\\/en\\\/produit\\\/rose-de-reve#primaryimage\"},\"thumbnailUrl\":\"https:\\\/\\\/lagrandesieste.com\\\/wp-content\\\/uploads\\\/2021\\\/12\\\/La-Grande-Sieste-Produit-Rose-de-reve-cercle.png\",\"datePublished\":\"2021-12-01T08:00:10+00:00\",\"dateModified\":\"2024-01-17T10:46:51+00:00\",\"description\":\"A World Champion Ros\u00e9. The perfect ros\u00e9 to eat, drink, dance and snog! Delivery everywhere in France and free shipping...\",\"breadcrumb\":{\"@id\":\"https:\\\/\\\/lagrandesieste.com\\\/en\\\/produit\\\/rose-de-reve#breadcrumb\"},\"inLanguage\":\"en-US\",\"potentialAction\":[{\"@type\":\"ReadAction\",\"target\":[\"https:\\\/\\\/lagrandesieste.com\\\/en\\\/produit\\\/rose-de-reve\"]}]},{\"@type\":\"ImageObject\",\"inLanguage\":\"en-US\",\"@id\":\"https:\\\/\\\/lagrandesieste.com\\\/en\\\/produit\\\/rose-de-reve#primaryimage\",\"url\":\"https:\\\/\\\/lagrandesieste.com\\\/wp-content\\\/uploads\\\/2021\\\/12\\\/La-Grande-Sieste-Produit-Rose-de-reve-cercle.png\",\"contentUrl\":\"https:\\\/\\\/lagrandesieste.com\\\/wp-content\\\/uploads\\\/2021\\\/12\\\/La-Grande-Sieste-Produit-Rose-de-reve-cercle.png\",\"width\":1500,\"height\":1503},{\"@type\":\"BreadcrumbList\",\"@id\":\"https:\\\/\\\/lagrandesieste.com\\\/en\\\/produit\\\/rose-de-reve#breadcrumb\",\"itemListElement\":[{\"@type\":\"ListItem\",\"position\":1,\"name\":\"Accueil\",\"item\":\"https:\\\/\\\/lagrandesieste.com\\\/en\"},{\"@type\":\"ListItem\",\"position\":2,\"name\":\"Boutique\",\"item\":\"https:\\\/\\\/lagrandesieste.com\\\/boutique\"},{\"@type\":\"ListItem\",\"position\":3,\"name\":\"Ros\u00e9 de R\u00eave\"}]},{\"@type\":\"WebSite\",\"@id\":\"https:\\\/\\\/lagrandesieste.com\\\/en#website\",\"url\":\"https:\\\/\\\/lagrandesieste.com\\\/en\",\"name\":\"La Grande Sieste\",\"description\":\"Levons nos verres \u00e0 l&#039;amour !\",\"publisher\":{\"@id\":\"https:\\\/\\\/lagrandesieste.com\\\/en#organization\"},\"potentialAction\":[{\"@type\":\"SearchAction\",\"target\":{\"@type\":\"EntryPoint\",\"urlTemplate\":\"https:\\\/\\\/lagrandesieste.com\\\/en?s={search_term_string}\"},\"query-input\":{\"@type\":\"PropertyValueSpecification\",\"valueRequired\":true,\"valueName\":\"search_term_string\"}}],\"inLanguage\":\"en-US\"},{\"@type\":\"Organization\",\"@id\":\"https:\\\/\\\/lagrandesieste.com\\\/en#organization\",\"name\":\"La Grande Sieste\",\"url\":\"https:\\\/\\\/lagrandesieste.com\\\/en\",\"logo\":{\"@type\":\"ImageObject\",\"inLanguage\":\"en-US\",\"@id\":\"https:\\\/\\\/lagrandesieste.com\\\/en#\\\/schema\\\/logo\\\/image\\\/\",\"url\":\"https:\\\/\\\/lagrandesieste.com\\\/wp-content\\\/uploads\\\/2022\\\/09\\\/La-Grande-Sieste-identite-logo-baseline.png\",\"contentUrl\":\"https:\\\/\\\/lagrandesieste.com\\\/wp-content\\\/uploads\\\/2022\\\/09\\\/La-Grande-Sieste-identite-logo-baseline.png\",\"width\":800,\"height\":434,\"caption\":\"La Grande Sieste\"},\"image\":{\"@id\":\"https:\\\/\\\/lagrandesieste.com\\\/en#\\\/schema\\\/logo\\\/image\\\/\"}}]}<\/script>\n<!-- \/ Yoast SEO plugin. -->","yoast_head_json":{"title":"Ros\u00e9 de R\u00eave | La Grande Sieste","description":"A World Champion Ros\u00e9. The perfect ros\u00e9 to eat, drink, dance and snog! Delivery everywhere in France and free shipping...","robots":{"index":"index","follow":"follow","max-snippet":"max-snippet:-1","max-image-preview":"max-image-preview:large","max-video-preview":"max-video-preview:-1"},"canonical":"https:\/\/lagrandesieste.com\/en\/produit\/rose-de-reve","og_locale":"en_US","og_type":"article","og_title":"Ros\u00e9 de R\u00eave | La Grande Sieste","og_description":"A World Champion Ros\u00e9. The perfect ros\u00e9 to eat, drink, dance and snog! Delivery everywhere in France and free shipping...","og_url":"https:\/\/lagrandesieste.com\/en\/produit\/rose-de-reve","og_site_name":"La Grande Sieste","article_modified_time":"2024-01-17T10:46:51+00:00","og_image":[{"width":1500,"height":1503,"url":"https:\/\/lagrandesieste.com\/wp-content\/uploads\/2021\/12\/La-Grande-Sieste-Produit-Rose-de-reve-cercle.png","type":"image\/png"}],"twitter_card":"summary_large_image","twitter_misc":{"Est. reading time":"1 minute"},"schema":{"@context":"https:\/\/schema.org","@graph":[{"@type":"WebPage","@id":"https:\/\/lagrandesieste.com\/en\/produit\/rose-de-reve","url":"https:\/\/lagrandesieste.com\/en\/produit\/rose-de-reve","name":"Ros\u00e9 de R\u00eave | La Grande Sieste","isPartOf":{"@id":"https:\/\/lagrandesieste.com\/en#website"},"primaryImageOfPage":{"@id":"https:\/\/lagrandesieste.com\/en\/produit\/rose-de-reve#primaryimage"},"image":{"@id":"https:\/\/lagrandesieste.com\/en\/produit\/rose-de-reve#primaryimage"},"thumbnailUrl":"https:\/\/lagrandesieste.com\/wp-content\/uploads\/2021\/12\/La-Grande-Sieste-Produit-Rose-de-reve-cercle.png","datePublished":"2021-12-01T08:00:10+00:00","dateModified":"2024-01-17T10:46:51+00:00","description":"A World Champion Ros\u00e9. The perfect ros\u00e9 to eat, drink, dance and snog! Delivery everywhere in France and free shipping...","breadcrumb":{"@id":"https:\/\/lagrandesieste.com\/en\/produit\/rose-de-reve#breadcrumb"},"inLanguage":"en-US","potentialAction":[{"@type":"ReadAction","target":["https:\/\/lagrandesieste.com\/en\/produit\/rose-de-reve"]}]},{"@type":"ImageObject","inLanguage":"en-US","@id":"https:\/\/lagrandesieste.com\/en\/produit\/rose-de-reve#primaryimage","url":"https:\/\/lagrandesieste.com\/wp-content\/uploads\/2021\/12\/La-Grande-Sieste-Produit-Rose-de-reve-cercle.png","contentUrl":"https:\/\/lagrandesieste.com\/wp-content\/uploads\/2021\/12\/La-Grande-Sieste-Produit-Rose-de-reve-cercle.png","width":1500,"height":1503},{"@type":"BreadcrumbList","@id":"https:\/\/lagrandesieste.com\/en\/produit\/rose-de-reve#breadcrumb","itemListElement":[{"@type":"ListItem","position":1,"name":"Accueil","item":"https:\/\/lagrandesieste.com\/en"},{"@type":"ListItem","position":2,"name":"Boutique","item":"https:\/\/lagrandesieste.com\/boutique"},{"@type":"ListItem","position":3,"name":"Ros\u00e9 de R\u00eave"}]},{"@type":"WebSite","@id":"https:\/\/lagrandesieste.com\/en#website","url":"https:\/\/lagrandesieste.com\/en","name":"La Grande Sieste","description":"Levons nos verres \u00e0 l&#039;amour !","publisher":{"@id":"https:\/\/lagrandesieste.com\/en#organization"},"potentialAction":[{"@type":"SearchAction","target":{"@type":"EntryPoint","urlTemplate":"https:\/\/lagrandesieste.com\/en?s={search_term_string}"},"query-input":{"@type":"PropertyValueSpecification","valueRequired":true,"valueName":"search_term_string"}}],"inLanguage":"en-US"},{"@type":"Organization","@id":"https:\/\/lagrandesieste.com\/en#organization","name":"La Grande Sieste","url":"https:\/\/lagrandesieste.com\/en","logo":{"@type":"ImageObject","inLanguage":"en-US","@id":"https:\/\/lagrandesieste.com\/en#\/schema\/logo\/image\/","url":"https:\/\/lagrandesieste.com\/wp-content\/uploads\/2022\/09\/La-Grande-Sieste-identite-logo-baseline.png","contentUrl":"https:\/\/lagrandesieste.com\/wp-content\/uploads\/2022\/09\/La-Grande-Sieste-identite-logo-baseline.png","width":800,"height":434,"caption":"La Grande Sieste"},"image":{"@id":"https:\/\/lagrandesieste.com\/en#\/schema\/logo\/image\/"}}]}},"_links":{"self":[{"href":"https:\/\/lagrandesieste.com\/en\/wp-json\/wp\/v2\/product\/245177","targetHints":{"allow":["GET"]}}],"collection":[{"href":"https:\/\/lagrandesieste.com\/en\/wp-json\/wp\/v2\/product"}],"about":[{"href":"https:\/\/lagrandesieste.com\/en\/wp-json\/wp\/v2\/types\/product"}],"replies":[{"embeddable":true,"href":"https:\/\/lagrandesieste.com\/en\/wp-json\/wp\/v2\/comments?post=245177"}],"wp:featuredmedia":[{"embeddable":true,"href":"https:\/\/lagrandesieste.com\/en\/wp-json\/wp\/v2\/media\/246761"}],"wp:attachment":[{"href":"https:\/\/lagrandesieste.com\/en\/wp-json\/wp\/v2\/media?parent=245177"}],"wp:term":[{"taxonomy":"product_brand","embeddable":true,"href":"https:\/\/lagrandesieste.com\/en\/wp-json\/wp\/v2\/product_brand?post=245177"},{"taxonomy":"product_cat","embeddable":true,"href":"https:\/\/lagrandesieste.com\/en\/wp-json\/wp\/v2\/product_cat?post=245177"},{"taxonomy":"product_tag","embeddable":true,"href":"https:\/\/lagrandesieste.com\/en\/wp-json\/wp\/v2\/product_tag?post=245177"}],"curies":[{"name":"wp","href":"https:\/\/api.w.org\/{rel}","templated":true}]}}